{"id":63,"date":"2015-01-09T12:27:28","date_gmt":"2015-01-09T11:27:28","guid":{"rendered":"http:\/\/clubhauskycstrande.apps-1and1.net\/?page_id=63"},"modified":"2024-12-15T04:16:44","modified_gmt":"2024-12-15T03:16:44","slug":"impressum-2","status":"publish","type":"page","link":"https:\/\/clubhauskycstrande.apps-1and1.net\/?page_id=63","title":{"rendered":"Impressum"},"content":{"rendered":"<p style=\"text-align: left; font-size: 120%;\">Dieses Impressum ist g\u00fcltig f\u00fcr die Internetseiten des Clubhaus KYC Strande<\/p>\n<p style=\"margin-bottom: .0001pt;\"><span style=\"font-size: 14.5pt;\">Anbieter: Kieler Yacht-Club e.V.<b> <\/b>vertreten durch den gesch\u00e4ftsf\u00fchrenden Vorstand:<\/span><\/p>\n<p>Angaben gem\u00e4\u00df \u00a7 5 TMG<\/p>\n<p>Tel: +49 43 49 14 31<\/p>\n<p>Gerichtsstand Kiel, Amtsgericht Kiel<\/p>\n<p><strong>Verantwortung:<\/strong><br \/>\nHerausgeber und verantwortlich f\u00fcr die Inhalte dieser Internetseiten ist das Clubhaus KYC Strande<\/p>\n<p><strong>Haftungsausschluss:<\/strong><br \/>\nWir, das Clubhaus KYC Strande, pr\u00fcfen und aktualisieren die Informationen auf unseren Internetseiten regelm\u00e4\u00dfig. Eine Haftung bzw. Garantie f\u00fcr die Aktualit\u00e4t, Vollst\u00e4ndigkeit oder Richtigkeit der Angaben k\u00f6nnen wir trotzdem nicht \u00fcbernehmen. Die dargestellten Informationen ersetzen keine Beratung durch uns. Kurzfristige \u00c4nderungen &#8211; ohne dass sie bereits auf unseren Internetseiten ver\u00f6ffentlicht sind &#8211; behalten wir uns ausdr\u00fccklich vor.<\/p>\n<p><strong>Rechtliche Hinweise:<br \/>\n<\/strong>Bezug: Elektronisches Gesch\u00e4ftsverkehrsgesetz, Bundesdatenschutzgesetz, Teledienste-Datenschutzgesetz, Teledienstgesetz, Mediendienst-Staatsvertrag.<\/p>\n<p><strong>1. Externe Links:<\/strong><br \/>\nAuf unseren Internetseiten sind vereinzelt externe Links zu Internetseiten Dritter geschaltet.<br \/>\nDiese sind jeweils gekennzeichnet: (*). Hierbei handelt es sich um die Weiterleitung an den genannten Verein, die genannte Firma oder Institution. Die Inhalte dieser Internetseiten Dritter liegen allein in der Verantwortung der jeweiligen Domaininhaber. Wir distanzieren uns ausdr\u00fccklich von allen Inhalten der verlinkten Seiten und machen uns diese Inhalte auch nicht zu eigen. Diese Erkl\u00e4rung gilt ausdr\u00fccklich f\u00fcr alle Links, einschlie\u00dflich deren weiterer Verlinkung. Wir nehmen hier Bezug auf das Urteil vom 12. Mai 1998, 312 O 85\/98, &#8222;Haftung f\u00fcr Links&#8220;, Landgericht Hamburg.<\/p>\n<p><strong>Copyright:<\/strong> Alle Informationen, Daten, Bilder und Texte auf unseren Internetseiten unterliegen dem Copyright. Reproduktionen des Inhalts ganz oder teilweise sind nur mit schriftlicher Genehmigung erlaubt. Dies gilt auch f\u00fcr die Vervielf\u00e4ltigung, \u00dcbersetzung oder Einspeicherung und Verarbeitung in elektronischen Systemen. Die Wiedergabe\/Nennung von Marken- und Gebrauchsnamen, Handelsnamen, Warenbezeichnungen usw. &#8211; auch ohne besondere Kennzeichnung &#8211; in diesem Internetauftritt berechtigt nicht zu der Annahme, dass derartige Namen im Sinne der Warenzeichen- und Markenschutz-Gesetzgebung als frei zu betrachten w\u00e4ren und daher von jedermann benutzt werden d\u00fcrften, sie dienen hier lediglich der Firmenbezeichnung, Produktdarstellung oder Produkt- und\/oder Herstellerbezeichnung.<\/p>\n<p><strong>Datenschutz<\/strong><\/p>\n<p>Wir freuen uns \u00fcber Ihr Interesse an unserem Onlineauftritt und an unserem Unternehmen. Der Schutz Ihrer personenbezogenen Daten bei der Verarbeitung anl\u00e4sslich Ihres Besuchs auf unserer Homepage ist uns ein wichtiges Anliegen. Ihre Daten werden im Rahmen der gesetzlichen Vorschriften der Datenschutzgrundverordnung (DS-GVO), des Telemediengesetzes (TMG) und anderer datenschutzrechtlicher Bestimmungen gesch\u00fctzt. Nachfolgend finden Sie Informationen, welche Daten w\u00e4hrend Ihres Besuchs auf der Homepage erfasst und wie diese genutzt werden.<\/p>\n<p><strong>Geltungsbereich<\/strong><\/p>\n<p>Diese Datenschutzerkl\u00e4rung soll die Nutzer dieser Website gem\u00e4\u00df DSGVO, Bundesdatenschutzgesetz und Telemediengesetz \u00fcber die Art, den Umfang und den Zweck der Erhebung und Verwendung personenbezogener Daten durch den Websitebetreiber informieren.<\/p>\n<p>Das Clubhaus KYC Strande nimmt Ihren Datenschutz sehr ernst und behandelt Ihre personenbezogenen Daten vertraulich und entsprechend der gesetzlichen Vorschriften.<\/p>\n<p>Bedenken Sie, dass die Daten\u00fcbertragung im Internet grunds\u00e4tzlich mit Sicherheitsl\u00fccken bedacht sein kann. Ein vollumf\u00e4nglicher Schutz vor dem Zugriff durch Fremde ist nicht realisierbar.<\/p>\n<p><strong><br \/>\nZugriffsdaten<\/strong><\/p>\n<p>Der Websitebetreiber bzw. Seitenprovider erhebt Daten \u00fcber Zugriffe auf die Seite und speichert diese als \u201eServer-Logfiles\u201c ab. Folgende Daten werden so protokolliert<\/p>\n<ul>\n<li>Besuchte Website<\/li>\n<li>Uhrzeit zum Zeitpunkt des Zugriffes<\/li>\n<li>Menge der gesendeten Daten in Byte<\/li>\n<li>Quelle\/Verweis, von welchem Sie auf die Seite gelangten<\/li>\n<li>Verwendeter Browser<\/li>\n<li>Verwendetes Betriebssystem<\/li>\n<li>Verwendete IP-Adresse<\/li>\n<\/ul>\n<p>Die erhobenen Daten dienen lediglich statistischen Auswertungen und zur Verbesserung der Website. Der Websitebetreiber beh\u00e4lt sich allerdings vor, die Server-Logfiles nachtr\u00e4glich zu \u00fcberpr\u00fcfen, sollten konkrete Anhaltspunkte auf eine rechtswidrige Nutzung hinweisen.<\/p>\n<p><strong><br \/>\nCookies<\/strong><\/p>\n<p>Diese Website verwendet Cookies. Dabei handelt es sich um kleine Textdateien, welche auf Ihrem Endger\u00e4t gespeichert werden. Ihr Browser greift auf diese Dateien zu. Durch den Einsatz von Cookies erh\u00f6ht sich die Benutzerfreundlichkeit und Sicherheit dieser Website.<\/p>\n<p>G\u00e4ngige Browser bieten die Einstellungsoption, Cookies nicht zuzulassen. Hinweis: Es ist nicht gew\u00e4hrleistet, dass Sie auf alle Funktionen dieser Website ohne Einschr\u00e4nkungen zugreifen k\u00f6nnen, wenn Sie entsprechende Einstellungen vornehmen.<\/p>\n<p><strong><br \/>\nUmgang mit personenbezogenen Daten<\/strong><\/p>\n<p>Der Websitebetreiber erhebt, nutzt und gibt Ihre personenbezogenen Daten nur dann weiter, wenn dies im gesetzlichen Rahmen erlaubt ist oder Sie in die Datenerhebung einwilligen.<\/p>\n<p>Als personenbezogene Daten gelten s\u00e4mtliche Informationen, welche dazu dienen, Ihre Person zu bestimmen und welche zu Ihnen zur\u00fcckverfolgt werden k\u00f6nnen \u2013 also beispielsweise Ihr Name, Ihre E-Mail-Adresse und Telefonnummer.<\/p>\n<p><strong><br \/>\nUmgang mit Kontaktdaten<\/strong><\/p>\n<p>Nehmen Sie mit dem Websitebetreiber durch die angebotenen Kontaktm\u00f6glichkeiten Verbindung auf, werden Ihre Angaben gespeichert, damit auf diese zur Bearbeitung und Beantwortung Ihrer Anfrage zur\u00fcckgegriffen werden kann. Ohne Ihre Einwilligung werden diese Daten nicht an Dritte weitergegeben.<\/p>\n<p><strong><br \/>\nUmgang mit Kommentaren und Beitr\u00e4gen<\/strong><\/p>\n<p>Hinterlassen Sie auf dieser Website einen Beitrag oder Kommentar, wird Ihre IP-Adresse gespeichert. Dies dient der Sicherheit des Websitebetreibers: Verst\u00f6\u00dft Ihr Text gegen das Recht, m\u00f6chte er Ihre Identit\u00e4t nachverfolgen k\u00f6nnen.<\/p>\n<p><strong><br \/>\nAbonnements<\/strong><\/p>\n<p>Sie haben die M\u00f6glichkeit, sowohl die gesamte Website als auch Nachfolgekommentare auf Ihren Beitrag zu abonnieren. Sie erhalten eine E-Mail zur Best\u00e4tigung Ihrer E-Mail-Adresse. Neben dieser werden keine weiteren Daten erhoben. Die gespeicherten Daten werden nicht an Dritte weitergereicht. Sie k\u00f6nnen ein Abonnement jederzeit abbestellen.<\/p>\n<p><strong><br \/>\nNutzung von Social-Media-Plugins<\/strong><\/p>\n<p>Weiterhin nutzt diese Website Twitter-Schlatfl\u00e4chen. Betrieben werden diese von der Twitter Inc. (795 Folsom St., Suite 600, San Francisco, CA 94107, USA). Besuchen Sie eine Seite, welche eine solche Schaltfl\u00e4che enth\u00e4lt, entsteht eine direkte Verbindung zwischen Ihrem Browser und den Twitter-Servern. Der Websitebetreiber hat daher keinerlei Einfluss \u00fcber die Natur und den Umfang der Daten, welche das Plugin an die Server Twitter Inc. \u00fcbermittelt.<\/p>\n<p>Gem\u00e4\u00df der Twitter Inc. wird dabei allein Ihre IP-Adresse erhoben und gespeichert.<br \/>\nInformationen zu dem Umgang mit personenbezogenen Daten durch die Twitter Inc. finden Sie hier:\u00a0<a href=\"https:\/\/twitter.com\/privacy?lang=de\">https:\/\/twitter.com\/privacy?lang=de<\/a><\/p>\n<p>Verantwortlicher im Sinne der Datenschutzgesetze ist:<\/p>\n","protected":false},"excerpt":{"rendered":"<p>Dieses Impressum ist g\u00fcltig f\u00fcr die Internetseiten des Clubhaus KYC Strande Anbieter: Kieler Yacht-Club e.V. vertreten durch den gesch\u00e4ftsf\u00fchrenden Vorstand: Angaben gem\u00e4\u00df \u00a7 5 TMG Tel: +49 43 49 14 &hellip; <a href=\"https:\/\/clubhauskycstrande.apps-1and1.net\/?page_id=63\" class=\"more-link\"><span class=\"screen-reader-text\">Impressum<\/span> weiterlesen <span class=\"meta-nav\">&rarr;<\/span><\/a><\/p>\n","protected":false},"author":3,"featured_media":0,"parent":0,"menu_order":0,"comment_status":"closed","ping_status":"closed","template":"","meta":{"_EventAllDay":false,"_EventTimezone":"","_EventStartDate":"","_EventEndDate":"","_EventStartDateUTC":"","_EventEndDateUTC":"","_EventShowMap":false,"_EventShowMapLink":false,"_EventURL":"","_EventCost":"","_EventCostDescription":"","_EventCurrencySymbol":"","_EventCurrencyCode":"","_EventCurrencyPosition":"","_EventDateTimeSeparator":"","_EventTimeRangeSeparator":"","_EventOrganizerID":[],"_EventVenueID":0,"_OrganizerEmail":"","_OrganizerPhone":"","_OrganizerWebsite":"","_VenueAddress":"","_VenueCity":"","_VenueCountry":"","_VenueProvince":"","_VenueZip":"","_VenuePhone":"","_VenueURL":"","_VenueStateProvince":"","_VenueLat":"","_VenueLng":"","footnotes":""},"class_list":["post-63","page","type-page","status-publish","hentry"],"_links":{"self":[{"href":"https:\/\/clubhauskycstrande.apps-1and1.net\/index.php?rest_route=\/wp\/v2\/pages\/63","targetHints":{"allow":["GET"]}}],"collection":[{"href":"https:\/\/clubhauskycstrande.apps-1and1.net\/index.php?rest_route=\/wp\/v2\/pages"}],"about":[{"href":"https:\/\/clubhauskycstrande.apps-1and1.net\/index.php?rest_route=\/wp\/v2\/types\/page"}],"author":[{"embeddable":true,"href":"https:\/\/clubhauskycstrande.apps-1and1.net\/index.php?rest_route=\/wp\/v2\/users\/3"}],"replies":[{"embeddable":true,"href":"https:\/\/clubhauskycstrande.apps-1and1.net\/index.php?rest_route=%2Fwp%2Fv2%2Fcomments&post=63"}],"version-history":[{"count":10,"href":"https:\/\/clubhauskycstrande.apps-1and1.net\/index.php?rest_route=\/wp\/v2\/pages\/63\/revisions"}],"predecessor-version":[{"id":764,"href":"https:\/\/clubhauskycstrande.apps-1and1.net\/index.php?rest_route=\/wp\/v2\/pages\/63\/revisions\/764"}],"wp:attachment":[{"href":"https:\/\/clubhauskycstrande.apps-1and1.net\/index.php?rest_route=%2Fwp%2Fv2%2Fmedia&parent=63"}],"curies":[{"name":"wp","href":"https:\/\/api.w.org\/{rel}","templated":true}]}}