{"id":50,"date":"2015-01-09T11:46:07","date_gmt":"2015-01-09T10:46:07","guid":{"rendered":"http:\/\/clubhauskycstrande.apps-1and1.net\/?page_id=50"},"modified":"2024-12-15T04:21:43","modified_gmt":"2024-12-15T03:21:43","slug":"seite-4","status":"publish","type":"page","link":"https:\/\/clubhauskycstrande.apps-1and1.net\/?page_id=50","title":{"rendered":"Geschichte des Hauses"},"content":{"rendered":"<p style=\"text-align: left;\">Dank der Initiative von <strong>Friedrich Alfred Krupp<\/strong> (1854-1902) erhielt der damalige \u201eKaiserliche Yacht Club&#8220; um die Jahrhundertwende sein erstes Clubhaus auf dem Gel\u00e4nde Seebadeanstalt D\u00fcsternbrook.<br \/>\n<strong>Alfried Krupp von Bohlen und Halbach<\/strong> (1907-1967), letzter Alleininhaber der Firma Krupp, setzte dieTraditiondes Hauses Krupp als F\u00f6rderer des Segelsports weiter fort.<br \/>\nBei den Olympischen Spielen im Jahr 1936 geh\u00f6rte er zu den Medaillengewinnern in der 8m R-Klasse. Die Alfried Krupp von Bohlen und Halbach-Stiftung f\u00f6rdert im Gedenken an ihren Stifter auf der Germania VI die Ausbildung junger Seesegler.<br \/>\nMit Unterst\u00fctzung der Stiftung wurde 1991 in Strande das Alfried Krupp-Haus des Kieler Yacht Clubs errichtet. Es dient seither dem Club als Jugendclubhaus und mit einer Gastronomie auch den Mitgliedern des Clubs und ihren G\u00e4sten in der sch\u00f6nen Strander Umgebung.<br \/>\n2009 &#8218;verlor&#8216; das Strander Haus seinen Namen an das Stammhaus am Hindenburgufer, wie von der Krupp Stiftung gew\u00fcnscht. &#8222;Gute Geister&#8220; des Hauses waren von Anfang an Elke und Dieter Kipcke, die das Haus vorbildlich gef\u00fchrt haben.<\/p>\n<p style=\"text-align: left;\">2015 haben Julia Labs und Mendy Schmedemann das Clubhaus \u00fcbernommen und f\u00fchrten das Haus. Von Ende 2018 bis Ende 2024 f\u00fchrte Julia Labs das Strander Clubhaus eigenst\u00e4ndig in professioneller Weise weiter. Es ist in all den Jahren bis heute ein beliebter Treffpunkt f\u00fcr Leistungs- und Fahrtensegler, und vor allem ein Trainings- und Tummelplatz f\u00fcr unsere Youngsters, geworden. Ein maritimer Kommunikationtreffpunkt mit kulinarischen, regionalen und saisonalen Speisen.<\/p>\n","protected":false},"excerpt":{"rendered":"<p>Dank der Initiative von Friedrich Alfred Krupp (1854-1902) erhielt der damalige \u201eKaiserliche Yacht Club&#8220; um die Jahrhundertwende sein erstes Clubhaus auf dem Gel\u00e4nde Seebadeanstalt D\u00fcsternbrook. Alfried Krupp von Bohlen und &hellip; <a href=\"https:\/\/clubhauskycstrande.apps-1and1.net\/?page_id=50\" class=\"more-link\"><span class=\"screen-reader-text\">Geschichte des Hauses<\/span> weiterlesen <span class=\"meta-nav\">&rarr;<\/span><\/a><\/p>\n","protected":false},"author":3,"featured_media":0,"parent":0,"menu_order":0,"comment_status":"closed","ping_status":"closed","template":"","meta":{"_EventAllDay":false,"_EventTimezone":"","_EventStartDate":"","_EventEndDate":"","_EventStartDateUTC":"","_EventEndDateUTC":"","_EventShowMap":false,"_EventShowMapLink":false,"_EventURL":"","_EventCost":"","_EventCostDescription":"","_EventCurrencySymbol":"","_EventCurrencyCode":"","_EventCurrencyPosition":"","_EventDateTimeSeparator":"","_EventTimeRangeSeparator":"","_EventOrganizerID":[],"_EventVenueID":0,"_OrganizerEmail":"","_OrganizerPhone":"","_OrganizerWebsite":"","_VenueAddress":"","_VenueCity":"","_VenueCountry":"","_VenueProvince":"","_VenueZip":"","_VenuePhone":"","_VenueURL":"","_VenueStateProvince":"","_VenueLat":"","_VenueLng":"","footnotes":""},"class_list":["post-50","page","type-page","status-publish","hentry"],"_links":{"self":[{"href":"https:\/\/clubhauskycstrande.apps-1and1.net\/index.php?rest_route=\/wp\/v2\/pages\/50","targetHints":{"allow":["GET"]}}],"collection":[{"href":"https:\/\/clubhauskycstrande.apps-1and1.net\/index.php?rest_route=\/wp\/v2\/pages"}],"about":[{"href":"https:\/\/clubhauskycstrande.apps-1and1.net\/index.php?rest_route=\/wp\/v2\/types\/page"}],"author":[{"embeddable":true,"href":"https:\/\/clubhauskycstrande.apps-1and1.net\/index.php?rest_route=\/wp\/v2\/users\/3"}],"replies":[{"embeddable":true,"href":"https:\/\/clubhauskycstrande.apps-1and1.net\/index.php?rest_route=%2Fwp%2Fv2%2Fcomments&post=50"}],"version-history":[{"count":15,"href":"https:\/\/clubhauskycstrande.apps-1and1.net\/index.php?rest_route=\/wp\/v2\/pages\/50\/revisions"}],"predecessor-version":[{"id":770,"href":"https:\/\/clubhauskycstrande.apps-1and1.net\/index.php?rest_route=\/wp\/v2\/pages\/50\/revisions\/770"}],"wp:attachment":[{"href":"https:\/\/clubhauskycstrande.apps-1and1.net\/index.php?rest_route=%2Fwp%2Fv2%2Fmedia&parent=50"}],"curies":[{"name":"wp","href":"https:\/\/api.w.org\/{rel}","templated":true}]}}