{"id":46,"date":"2015-01-09T11:44:47","date_gmt":"2015-01-09T10:44:47","guid":{"rendered":"http:\/\/clubhauskycstrande.apps-1and1.net\/?page_id=46"},"modified":"2024-10-02T16:18:18","modified_gmt":"2024-10-02T15:18:18","slug":"seite-2","status":"publish","type":"page","link":"https:\/\/clubhauskycstrande.apps-1and1.net\/?page_id=46","title":{"rendered":"Gastronomie"},"content":{"rendered":"<p><a href=\"https:\/\/clubhauskycstrande.apps-1and1.net\/wp-content\/uploads\/2021\/04\/20210414-DSC04570-Kopie.jpg\"><img loading=\"lazy\" decoding=\"async\" class=\"size-medium wp-image-411 alignleft\" src=\"https:\/\/clubhauskycstrande.apps-1and1.net\/wp-content\/uploads\/2021\/04\/20210414-DSC04570-Kopie-300x200.jpg\" alt=\"\" width=\"300\" height=\"200\" srcset=\"https:\/\/clubhauskycstrande.apps-1and1.net\/wp-content\/uploads\/2021\/04\/20210414-DSC04570-Kopie-300x200.jpg 300w, https:\/\/clubhauskycstrande.apps-1and1.net\/wp-content\/uploads\/2021\/04\/20210414-DSC04570-Kopie-1024x683.jpg 1024w, https:\/\/clubhauskycstrande.apps-1and1.net\/wp-content\/uploads\/2021\/04\/20210414-DSC04570-Kopie-768x512.jpg 768w, https:\/\/clubhauskycstrande.apps-1and1.net\/wp-content\/uploads\/2021\/04\/20210414-DSC04570-Kopie-1536x1024.jpg 1536w, https:\/\/clubhauskycstrande.apps-1and1.net\/wp-content\/uploads\/2021\/04\/20210414-DSC04570-Kopie.jpg 1920w\" sizes=\"auto, (max-width: 300px) 100vw, 300px\" \/><\/a><\/p>\n<p style=\"text-align: center;\">\u201eMoin!\u201c und herzlich Willkommen im<\/p>\n<p style=\"text-align: center;\">Restaurant Clubhaus Kieler Yacht-Club in Strande.<\/p>\n<p>Nicht nur Segler aller Klassen f\u00fchlen sich hier wie zuhause, auch Besucher und Urlauber des Ostseebades sch\u00e4tzen das maritime Flair auf der gro\u00dfen Terrasse, mit Blick auf den Yachthafen, und das stilvolle Ambiente des Hauses. Frische Ostsee-K\u00fcche wird serviert unter dem pr\u00e4chtigen Modell des Sportseglers \u201eWappen von Strahlsund\u201c. \u201eBei uns gibt\u2019s ehrliches und regionales Essen\u201c: Kliesche, eine Schollenart wird am nahen Stoller Grund gefangen. Eckernf\u00f6rder Matjes spezial, doppelt eingelegt, so wird er fester und zergeht trotzdem auf der Zunge. Labskaus im Haus gep\u00f6kelt, selbst die Bratkartoffel ist handgepellt. \u201eSchmeckt einfach besser!\u201c \u2026.\u00a0 was echte norddeutsche Traditionsk\u00fcche kann. Rumpsteak und hausgemachtes Roastbeef von der hiesigen F\u00e4rse befriedigen den Fleischhunger. Kaffeevariationen und selbstgebackene Kuchenauswahl runden das Angebot ab. Das Ambiente in und um das Clubhaus bietet sich an, festliche Events auszurichten, ganz gleich ob Grill BBQs, Spargelessen oder Gr\u00fcnkohl!<\/p>\n<p>Klassisch norddeutsch, klar und frisch!<\/p>\n<p>Maritimer Genuss am Yachthafen!<\/p>\n<p>Reservierungen oder Anfragen f\u00fcr Veranstaltungen 2024 bitte unter: <a href=\"mailto:reservierung@clubhaus-kyc.de\">reservierung@clubhaus-kyc.de<\/a><\/p>\n<p>oder Telefon 043 49\/14 31<\/p>\n","protected":false},"excerpt":{"rendered":"<p>\u201eMoin!\u201c und herzlich Willkommen im Restaurant Clubhaus Kieler Yacht-Club in Strande. Nicht nur Segler aller Klassen f\u00fchlen sich hier wie zuhause, auch Besucher und Urlauber des Ostseebades sch\u00e4tzen das maritime &hellip; <a href=\"https:\/\/clubhauskycstrande.apps-1and1.net\/?page_id=46\" class=\"more-link\"><span class=\"screen-reader-text\">Gastronomie<\/span> weiterlesen <span class=\"meta-nav\">&rarr;<\/span><\/a><\/p>\n","protected":false},"author":3,"featured_media":0,"parent":0,"menu_order":0,"comment_status":"closed","ping_status":"closed","template":"","meta":{"_EventAllDay":false,"_EventTimezone":"","_EventStartDate":"","_EventEndDate":"","_EventStartDateUTC":"","_EventEndDateUTC":"","_EventShowMap":false,"_EventShowMapLink":false,"_EventURL":"","_EventCost":"","_EventCostDescription":"","_EventCurrencySymbol":"","_EventCurrencyCode":"","_EventCurrencyPosition":"","_EventDateTimeSeparator":"","_EventTimeRangeSeparator":"","_EventOrganizerID":[],"_EventVenueID":0,"_OrganizerEmail":"","_OrganizerPhone":"","_OrganizerWebsite":"","_VenueAddress":"","_VenueCity":"","_VenueCountry":"","_VenueProvince":"","_VenueZip":"","_VenuePhone":"","_VenueURL":"","_VenueStateProvince":"","_VenueLat":"","_VenueLng":"","footnotes":""},"class_list":["post-46","page","type-page","status-publish","hentry"],"_links":{"self":[{"href":"https:\/\/clubhauskycstrande.apps-1and1.net\/index.php?rest_route=\/wp\/v2\/pages\/46","targetHints":{"allow":["GET"]}}],"collection":[{"href":"https:\/\/clubhauskycstrande.apps-1and1.net\/index.php?rest_route=\/wp\/v2\/pages"}],"about":[{"href":"https:\/\/clubhauskycstrande.apps-1and1.net\/index.php?rest_route=\/wp\/v2\/types\/page"}],"author":[{"embeddable":true,"href":"https:\/\/clubhauskycstrande.apps-1and1.net\/index.php?rest_route=\/wp\/v2\/users\/3"}],"replies":[{"embeddable":true,"href":"https:\/\/clubhauskycstrande.apps-1and1.net\/index.php?rest_route=%2Fwp%2Fv2%2Fcomments&post=46"}],"version-history":[{"count":17,"href":"https:\/\/clubhauskycstrande.apps-1and1.net\/index.php?rest_route=\/wp\/v2\/pages\/46\/revisions"}],"predecessor-version":[{"id":747,"href":"https:\/\/clubhauskycstrande.apps-1and1.net\/index.php?rest_route=\/wp\/v2\/pages\/46\/revisions\/747"}],"wp:attachment":[{"href":"https:\/\/clubhauskycstrande.apps-1and1.net\/index.php?rest_route=%2Fwp%2Fv2%2Fmedia&parent=46"}],"curies":[{"name":"wp","href":"https:\/\/api.w.org\/{rel}","templated":true}]}}