{"id":201,"date":"2015-03-14T19:51:39","date_gmt":"2015-03-14T18:51:39","guid":{"rendered":"http:\/\/clubhauskycstrande.apps-1and1.net\/?page_id=201"},"modified":"2019-01-15T20:48:03","modified_gmt":"2019-01-15T19:48:03","slug":"wegweiser","status":"publish","type":"page","link":"https:\/\/clubhauskycstrande.apps-1and1.net\/?page_id=201","title":{"rendered":"Wegweiser"},"content":{"rendered":"<h3>&#8230; nach Strande<\/h3>\n<p>Strandstra\u00dfe 8, 24229 Strande<\/p>\n<p><a href=\"https:\/\/clubhauskycstrande.apps-1and1.net\/wp-content\/uploads\/2015\/03\/weg-karte.jpg\"><img loading=\"lazy\" decoding=\"async\" class=\" size-medium wp-image-204 aligncenter\" src=\"https:\/\/clubhauskycstrande.apps-1and1.net\/wp-content\/uploads\/2015\/03\/weg-karte-300x211.jpg\" alt=\"weg-karte\" width=\"300\" height=\"211\" srcset=\"https:\/\/clubhauskycstrande.apps-1and1.net\/wp-content\/uploads\/2015\/03\/weg-karte-300x211.jpg 300w, https:\/\/clubhauskycstrande.apps-1and1.net\/wp-content\/uploads\/2015\/03\/weg-karte.jpg 450w\" sizes=\"auto, (max-width: 300px) 100vw, 300px\" \/><\/a>Am Ortseingang stehen auf dem \u00f6ffentlichen Parkplatz 200 Pl\u00e4tze\u00a0 (geb\u00fchrenpflichtig) zur Verf\u00fcgung. Von dort ist das Clubhaus in 5 Minuten zu Fu\u00df zu erreichen.<\/p>\n","protected":false},"excerpt":{"rendered":"<p>&#8230; nach Strande Strandstra\u00dfe 8, 24229 Strande Am Ortseingang stehen auf dem \u00f6ffentlichen Parkplatz 200 Pl\u00e4tze\u00a0 (geb\u00fchrenpflichtig) zur Verf\u00fcgung. Von dort ist das Clubhaus in 5 Minuten zu Fu\u00df zu &hellip; <a href=\"https:\/\/clubhauskycstrande.apps-1and1.net\/?page_id=201\" class=\"more-link\"><span class=\"screen-reader-text\">Wegweiser<\/span> weiterlesen <span class=\"meta-nav\">&rarr;<\/span><\/a><\/p>\n","protected":false},"author":3,"featured_media":0,"parent":0,"menu_order":0,"comment_status":"closed","ping_status":"closed","template":"","meta":{"_EventAllDay":false,"_EventTimezone":"","_EventStartDate":"","_EventEndDate":"","_EventStartDateUTC":"","_EventEndDateUTC":"","_EventShowMap":false,"_EventShowMapLink":false,"_EventURL":"","_EventCost":"","_EventCostDescription":"","_EventCurrencySymbol":"","_EventCurrencyCode":"","_EventCurrencyPosition":"","_EventDateTimeSeparator":"","_EventTimeRangeSeparator":"","_EventOrganizerID":[],"_EventVenueID":0,"_OrganizerEmail":"","_OrganizerPhone":"","_OrganizerWebsite":"","_VenueAddress":"","_VenueCity":"","_VenueCountry":"","_VenueProvince":"","_VenueZip":"","_VenuePhone":"","_VenueURL":"","_VenueStateProvince":"","_VenueLat":"","_VenueLng":"","footnotes":""},"class_list":["post-201","page","type-page","status-publish","hentry"],"_links":{"self":[{"href":"https:\/\/clubhauskycstrande.apps-1and1.net\/index.php?rest_route=\/wp\/v2\/pages\/201","targetHints":{"allow":["GET"]}}],"collection":[{"href":"https:\/\/clubhauskycstrande.apps-1and1.net\/index.php?rest_route=\/wp\/v2\/pages"}],"about":[{"href":"https:\/\/clubhauskycstrande.apps-1and1.net\/index.php?rest_route=\/wp\/v2\/types\/page"}],"author":[{"embeddable":true,"href":"https:\/\/clubhauskycstrande.apps-1and1.net\/index.php?rest_route=\/wp\/v2\/users\/3"}],"replies":[{"embeddable":true,"href":"https:\/\/clubhauskycstrande.apps-1and1.net\/index.php?rest_route=%2Fwp%2Fv2%2Fcomments&post=201"}],"version-history":[{"count":8,"href":"https:\/\/clubhauskycstrande.apps-1and1.net\/index.php?rest_route=\/wp\/v2\/pages\/201\/revisions"}],"predecessor-version":[{"id":332,"href":"https:\/\/clubhauskycstrande.apps-1and1.net\/index.php?rest_route=\/wp\/v2\/pages\/201\/revisions\/332"}],"wp:attachment":[{"href":"https:\/\/clubhauskycstrande.apps-1and1.net\/index.php?rest_route=%2Fwp%2Fv2%2Fmedia&parent=201"}],"curies":[{"name":"wp","href":"https:\/\/api.w.org\/{rel}","templated":true}]}}