{"id":2,"date":"2014-11-21T10:07:13","date_gmt":"2014-11-21T11:07:13","guid":{"rendered":"http:\/\/clubhauskycstrande.apps-1and1.net\/?page_id=2"},"modified":"2025-01-18T17:48:36","modified_gmt":"2025-01-18T16:48:36","slug":"sample-page","status":"publish","type":"page","link":"https:\/\/clubhauskycstrande.apps-1and1.net\/","title":{"rendered":"Home"},"content":{"rendered":"\n<div class=\"wp-block-group\"><div class=\"wp-block-group__inner-container is-layout-flow wp-block-group-is-layout-flow\">\n<div class=\"wp-block-columns are-vertically-aligned-top is-layout-flex wp-container-core-columns-is-layout-9d6595d7 wp-block-columns-is-layout-flex\">\n<div class=\"wp-block-column is-vertically-aligned-top is-layout-flow wp-block-column-is-layout-flow\" style=\"flex-basis:150%\">\n<h1 class=\"wp-block-heading has-text-align-center\"><strong>Liebe Clubmitglieder, liebe G\u00e4ste, liebe Freunde,<\/strong><\/h1>\n\n\n\n<p>nach vielen unvergesslichen Jahren, nach zahllosen Abenden voller Lachen, Gespr\u00e4che und Gemeinschaft, muss ich schweren Herzens verk\u00fcnden, dass mein geliebtes KYC Clubhaus Restaurant seine T\u00fcren f\u00fcr mich schlie\u00dfen wird.<\/p>\n\n\n\n<p>Als ich vor mehr als zehn Jahren in dem Clubhaus begonnen habe, hatte ich einen Traum \u2013 einen Ort zu schaffen, an dem sich Menschen wohlf\u00fchlen, an dem Erinnerungen entstehen, an dem das Essen nicht nur den Magen, sondern auch die Seele n\u00e4hrt. Viele von Euch waren von Anfang an dabei, haben mit uns gefeiert, getrauert, gelebt. Ihr habt das Clubhaus zu dem gemacht, was es ist \u2013 zu einem zweiten Zuhause.<\/p>\n\n\n\n<p>Hier haben sich Menschen gefunden, wurden Freundschaften geschlossen und ich hatte das Privileg, ein Teil all dieser Momente zu sein.<\/p>\n\n\n\n<p>Doch die Zeiten haben sich ge\u00e4ndert. In den letzten Jahren wurden die Herausforderungen immer gr\u00f6\u00dfer. Ich habe alles versucht, um das Ruder herumzurei\u00dfen \u2013 neue Ideen, neue Wege, immer in der Hoffnung, dass wir es schaffen, dieses Schiff sicher durch die st\u00fcrmischen Gew\u00e4sser zu steuern. Doch am Ende muss ich erkennen, dass die Wellen zu stark geworden sind.<\/p>\n\n\n\n<p>Es tut mir weh, dass ich diesen Schritt gehen muss. Es schmerzt mich, dass ich nicht mehr an diesem Ort sein kann, an dem Ihr euch alle willkommen und zuhause f\u00fchlt. Aber manchmal gibt es im Leben Momente, in denen man loslassen muss, so schwer es auch f\u00e4llt.<\/p>\n\n\n\n<p>Ich m\u00f6chte Euch allen von Herzen danken. Danke f\u00fcr Eure Treue, Danke f\u00fcr Eure Unterst\u00fctzung, f\u00fcr die vielen gemeinsamen Stunden. Danke, dass Ihr uns Euer Vertrauen geschenkt habt, dass Ihr uns erlaubt habt, Teil Eures Lebens zu sein. Jeder von Euch hat dazu beigetragen, dass dieses Restaurant etwas Besonderes war \u2013 ein Ort, an dem sich Menschen verbinden, an dem Gemeinschaft gelebt wird.<\/p>\n\n\n\n<p>Ich werde Euch immer in guter Erinnerung behalten. Dies ist nicht das Ende, sondern vielleicht der Anfang von etwas Neuem, etwas Unbekanntem. Aber eines bleibt sicher: Die Dankbarkeit, die ich f\u00fcr Euch empfinde, wird niemals verblassen.<\/p>\n\n\n\n<p>Ich w\u00fcnsche Euch von Herzen alles Gute!<\/p>\n\n\n\n<p class=\"has-text-align-center\">Eure Julia<\/p>\n\n\n\n<p class=\"has-text-align-center has-medium-font-size\"><strong>              <\/strong><\/p>\n<\/div>\n<\/div>\n<\/div><\/div>\n\n\n<p><script src=\"https:\/\/tc78b7539.emailsys1c.net\/form\/184\/4033\/efa8d757be\/popup.js?_g=1619011398\" async=\"\"><\/script><\/p>\n\n\n<ul class=\"wp-block-social-links is-style-default is-layout-flex wp-block-social-links-is-layout-flex\"><li class=\"wp-social-link wp-social-link-facebook  wp-block-social-link\"><a rel=\"noopener nofollow\" target=\"_blank\" href=\"https:\/\/m.facebook.com\/clubhausevents\/\" class=\"wp-block-social-link-anchor\"><svg width=\"24\" height=\"24\" viewBox=\"0 0 24 24\" version=\"1.1\" xmlns=\"http:\/\/www.w3.org\/2000\/svg\" aria-hidden=\"true\" focusable=\"false\"><path d=\"M12 2C6.5 2 2 6.5 2 12c0 5 3.7 9.1 8.4 9.9v-7H7.9V12h2.5V9.8c0-2.5 1.5-3.9 3.8-3.9 1.1 0 2.2.2 2.2.2v2.5h-1.3c-1.2 0-1.6.8-1.6 1.6V12h2.8l-.4 2.9h-2.3v7C18.3 21.1 22 17 22 12c0-5.5-4.5-10-10-10z\"><\/path><\/svg><span class=\"wp-block-social-link-label screen-reader-text\">Facebook<\/span><\/a><\/li>\n\n<li class=\"wp-social-link wp-social-link-instagram  wp-block-social-link\"><a rel=\"noopener nofollow\" target=\"_blank\" href=\"https:\/\/instagram.com\/clubhaus_events?utm_medium=copy_link\" class=\"wp-block-social-link-anchor\"><svg width=\"24\" height=\"24\" viewBox=\"0 0 24 24\" version=\"1.1\" xmlns=\"http:\/\/www.w3.org\/2000\/svg\" aria-hidden=\"true\" focusable=\"false\"><path d=\"M12,4.622c2.403,0,2.688,0.009,3.637,0.052c0.877,0.04,1.354,0.187,1.671,0.31c0.42,0.163,0.72,0.358,1.035,0.673 c0.315,0.315,0.51,0.615,0.673,1.035c0.123,0.317,0.27,0.794,0.31,1.671c0.043,0.949,0.052,1.234,0.052,3.637 s-0.009,2.688-0.052,3.637c-0.04,0.877-0.187,1.354-0.31,1.671c-0.163,0.42-0.358,0.72-0.673,1.035 c-0.315,0.315-0.615,0.51-1.035,0.673c-0.317,0.123-0.794,0.27-1.671,0.31c-0.949,0.043-1.233,0.052-3.637,0.052 s-2.688-0.009-3.637-0.052c-0.877-0.04-1.354-0.187-1.671-0.31c-0.42-0.163-0.72-0.358-1.035-0.673 c-0.315-0.315-0.51-0.615-0.673-1.035c-0.123-0.317-0.27-0.794-0.31-1.671C4.631,14.688,4.622,14.403,4.622,12 s0.009-2.688,0.052-3.637c0.04-0.877,0.187-1.354,0.31-1.671c0.163-0.42,0.358-0.72,0.673-1.035 c0.315-0.315,0.615-0.51,1.035-0.673c0.317-0.123,0.794-0.27,1.671-0.31C9.312,4.631,9.597,4.622,12,4.622 M12,3 C9.556,3,9.249,3.01,8.289,3.054C7.331,3.098,6.677,3.25,6.105,3.472C5.513,3.702,5.011,4.01,4.511,4.511 c-0.5,0.5-0.808,1.002-1.038,1.594C3.25,6.677,3.098,7.331,3.054,8.289C3.01,9.249,3,9.556,3,12c0,2.444,0.01,2.751,0.054,3.711 c0.044,0.958,0.196,1.612,0.418,2.185c0.23,0.592,0.538,1.094,1.038,1.594c0.5,0.5,1.002,0.808,1.594,1.038 c0.572,0.222,1.227,0.375,2.185,0.418C9.249,20.99,9.556,21,12,21s2.751-0.01,3.711-0.054c0.958-0.044,1.612-0.196,2.185-0.418 c0.592-0.23,1.094-0.538,1.594-1.038c0.5-0.5,0.808-1.002,1.038-1.594c0.222-0.572,0.375-1.227,0.418-2.185 C20.99,14.751,21,14.444,21,12s-0.01-2.751-0.054-3.711c-0.044-0.958-0.196-1.612-0.418-2.185c-0.23-0.592-0.538-1.094-1.038-1.594 c-0.5-0.5-1.002-0.808-1.594-1.038c-0.572-0.222-1.227-0.375-2.185-0.418C14.751,3.01,14.444,3,12,3L12,3z M12,7.378 c-2.552,0-4.622,2.069-4.622,4.622S9.448,16.622,12,16.622s4.622-2.069,4.622-4.622S14.552,7.378,12,7.378z M12,15 c-1.657,0-3-1.343-3-3s1.343-3,3-3s3,1.343,3,3S13.657,15,12,15z M16.804,6.116c-0.596,0-1.08,0.484-1.08,1.08 s0.484,1.08,1.08,1.08c0.596,0,1.08-0.484,1.08-1.08S17.401,6.116,16.804,6.116z\"><\/path><\/svg><span class=\"wp-block-social-link-label screen-reader-text\">Instagram<\/span><\/a><\/li><\/ul>\n\n\n\n<p><\/p>\n\n\n","protected":false},"excerpt":{"rendered":"<p>Liebe Clubmitglieder, liebe G\u00e4ste, liebe Freunde, nach vielen unvergesslichen Jahren, nach zahllosen Abenden voller Lachen, Gespr\u00e4che und Gemeinschaft, muss ich schweren Herzens verk\u00fcnden, dass mein geliebtes KYC Clubhaus Restaurant seine &hellip; <a href=\"https:\/\/clubhauskycstrande.apps-1and1.net\/\" class=\"more-link\"><span class=\"screen-reader-text\">Home<\/span> weiterlesen <span class=\"meta-nav\">&rarr;<\/span><\/a><\/p>\n","protected":false},"author":3,"featured_media":0,"parent":0,"menu_order":0,"comment_status":"closed","ping_status":"closed","template":"page-templates\/full-width.php","meta":{"_EventAllDay":false,"_EventTimezone":"","_EventStartDate":"","_EventEndDate":"","_EventStartDateUTC":"","_EventEndDateUTC":"","_EventShowMap":false,"_EventShowMapLink":false,"_EventURL":"","_EventCost":"","_EventCostDescription":"","_EventCurrencySymbol":"","_EventCurrencyCode":"","_EventCurrencyPosition":"","_EventDateTimeSeparator":"","_EventTimeRangeSeparator":"","_EventOrganizerID":[],"_EventVenueID":0,"_OrganizerEmail":"","_OrganizerPhone":"","_OrganizerWebsite":"","_VenueAddress":"","_VenueCity":"","_VenueCountry":"","_VenueProvince":"","_VenueZip":"","_VenuePhone":"","_VenueURL":"","_VenueStateProvince":"","_VenueLat":"","_VenueLng":"","footnotes":""},"class_list":["post-2","page","type-page","status-publish","hentry"],"_links":{"self":[{"href":"https:\/\/clubhauskycstrande.apps-1and1.net\/index.php?rest_route=\/wp\/v2\/pages\/2","targetHints":{"allow":["GET"]}}],"collection":[{"href":"https:\/\/clubhauskycstrande.apps-1and1.net\/index.php?rest_route=\/wp\/v2\/pages"}],"about":[{"href":"https:\/\/clubhauskycstrande.apps-1and1.net\/index.php?rest_route=\/wp\/v2\/types\/page"}],"author":[{"embeddable":true,"href":"https:\/\/clubhauskycstrande.apps-1and1.net\/index.php?rest_route=\/wp\/v2\/users\/3"}],"replies":[{"embeddable":true,"href":"https:\/\/clubhauskycstrande.apps-1and1.net\/index.php?rest_route=%2Fwp%2Fv2%2Fcomments&post=2"}],"version-history":[{"count":95,"href":"https:\/\/clubhauskycstrande.apps-1and1.net\/index.php?rest_route=\/wp\/v2\/pages\/2\/revisions"}],"predecessor-version":[{"id":773,"href":"https:\/\/clubhauskycstrande.apps-1and1.net\/index.php?rest_route=\/wp\/v2\/pages\/2\/revisions\/773"}],"wp:attachment":[{"href":"https:\/\/clubhauskycstrande.apps-1and1.net\/index.php?rest_route=%2Fwp%2Fv2%2Fmedia&parent=2"}],"curies":[{"name":"wp","href":"https:\/\/api.w.org\/{rel}","templated":true}]}}